{"id":99,"date":"2022-02-10T10:51:36","date_gmt":"2022-02-10T10:51:36","guid":{"rendered":"https:\/\/www.traca.cat\/\/politica-de-cookies\/"},"modified":"2022-03-09T12:42:06","modified_gmt":"2022-03-09T12:42:06","slug":"politica-de-cookies","status":"publish","type":"page","link":"https:\/\/www.traca.cat\/es\/politica-de-cookies\/","title":{"rendered":"Pol\u00edticas de cookies"},"content":{"rendered":"<h2>\u00bfQu\u00e9 son las cookies?<\/h2>\n<p>Una cookie es un fichero que se descarga en su ordenador al acceder a determinadas p\u00e1ginas web. Las cookies permiten a una p\u00e1gina web, entre otras cosas, almacenar y recuperar informaci\u00f3n sobre h\u00e1bitos de navegaci\u00f3n de un usuario o de su equipo y, dependiendo de la informaci\u00f3n que contengan y de la forma que utilice su equipo, pueden utilizarse para reconocer al usuario.<\/p>\n<h2>\u00bfPara qu\u00e9 utiliza las cookies esta p\u00e1gina web y cu\u00e1les son?<\/h2>\n<p>Esta p\u00e1gina web utiliza las cookies para una serie de finalidades, incluidas:<\/p>\n<ul>\n<li>An\u00e1lisis: son aquellas cookies que bien, tratadas por nosotros o por terceros, nos permiten cuantificar el n\u00famero de usuarios y as\u00ed realizar la medici\u00f3n y an\u00e1lisis estad\u00edstico de la utilizaci\u00f3n que hacen los usuarios del servicio. Para ello se analiza su navegaci\u00f3n en nuestra p\u00e1gina web con el fin de mejorar la experiencia del usuario.<\/li>\n<\/ul>\n<p>El detalle de las cookies utilizadas en esta p\u00e1gina web es el siguiente:<\/p>\n<table class=\"type2\">\n<tbody>\n<tr>\n<td width=\"60\"><strong>Cookies<\/strong><\/td>\n<td width=\"78\"><strong>Nombre<\/strong><\/td>\n<td width=\"72\"><strong>Tipo<\/strong><\/td>\n<td width=\"240\"><strong>Prop\u00f3sito<\/strong><\/td>\n<td width=\"150\"><strong>M\u00e1s informaci\u00f3n<\/strong><\/td>\n<\/tr>\n<tr>\n<td width=\"0\">__utma __utmb __utmc __utmz _ga _gat<\/td>\n<td width=\"0\">Google Analytics<\/td>\n<td width=\"0\">De terceros<\/td>\n<td width=\"0\">Recoger informaci\u00f3n sobre la navegaci\u00f3n de los usuarios por el sitio con el fin de conocer el origen de las visitas y otros datos similares a nivel estad\u00edstico. No obtiene datos de los nombres o apellidos de los usuarios ni de la direcci\u00f3n postal concreta desde donde se conectan<\/td>\n<td width=\"0\">Google Analytics Centro de privacidad de Google: http:\/\/www.google.com\/intl\/es\/policies\/privacy\/<\/td>\n<\/tr>\n<\/tbody>\n<\/table>\n<p>&nbsp;<\/p>\n<p>Nota: Las cookies de tipo &#8216;Propias&#8217; son utilizadas s\u00f3lo por el propietario de esta web y las cookies &#8216;De terceros&#8217; son utilizadas, por el prestador del servicio que est\u00e1 detallado en el cuadro anterior.<\/p>\n<h2>\u00bfC\u00f3mo puedo desactivar o eliminar estas cookies?<\/h2>\n<p>Puede usted permitir, bloquear o eliminar las cookies instaladas en su equipo mediante la configuraci\u00f3n de las opciones del navegador instalado en su ordenador:<\/p>\n<p>Firefox: http:\/\/support.mozilla.org\/es\/kb\/habilitar-y-deshabilitar-cookies-que-los-sitios-we<\/p>\n<p>Chrome: http:\/\/support.google.com\/chrome\/bin\/answer.py?hl=es&amp;answer=95647<\/p>\n<p>Explorer: htttp:\/\/windows.microsoft.com\/es-es\/windows7\/how-to-manage-cookies-in-internet-explorer-9<\/p>\n<p>Safari: http:\/\/support.apple.com\/kb\/ph5042<\/p>\n<p>Opera: http:\/\/help.opera.com\/Windows\/11.50\/es-ES\/cookies.html<\/p>\n<p>Otros navegadores<\/p>\n<p>Consulte la documentaci\u00f3n del navegador que tenga instalado.<\/p>\n<h2>Complemento de inhabilitaci\u00f3n para navegadores de Google Analytics<\/h2>\n<p>Si desea rechazar las cookies anal\u00edticas de Google Analytics en todos los navegadores, de forma que no se env\u00ede informaci\u00f3n suya a Google Analytics, puede descargar un complemento que realiza esta funci\u00f3n desde este enlace: <a href=\"https:\/\/tools.google.com\/dlpage\/gaoptout\">https:\/\/tools.google.com\/dlpage\/gaoptout<\/a>.<\/p>\n<h2><strong>Ejercicio de derechos<\/strong><\/h2>\n<p>Puede conocer y ejercer sus derechos en materia de protecci\u00f3n de datos accediendo a nuestra Pol\u00edtica de Privacidad.<\/p>\n","protected":false},"excerpt":{"rendered":"<p>\u00bfQu\u00e9 son las cookies? Una cookie es un fichero que se descarga en su ordenador al acceder a determinadas p\u00e1ginas web. Las cookies permiten a una p\u00e1gina web, entre otras cosas, almacenar y recuperar informaci\u00f3n sobre h\u00e1bitos de navegaci\u00f3n de un usuario o de su equipo y, dependiendo de la informaci\u00f3n que contengan y de&hellip; <a class=\"more-link\" href=\"https:\/\/www.traca.cat\/es\/politica-de-cookies\/\">Continuar leyendo <span class=\"screen-reader-text\">Pol\u00edticas de cookies<\/span><\/a><\/p>\n","protected":false},"author":1,"featured_media":0,"parent":0,"menu_order":0,"comment_status":"closed","ping_status":"closed","template":"","meta":[],"yoast_head":"<!-- This site is optimized with the Yoast SEO plugin v18.2 - https:\/\/yoast.com\/wordpress\/plugins\/seo\/ -->\n<title>Pol\u00edticas de cookies - Tra\u00e7a<\/title>\n<meta name=\"robots\" content=\"index, follow, max-snippet:-1, max-image-preview:large, max-video-preview:-1\" \/>\n<link rel=\"canonical\" href=\"https:\/\/www.traca.cat\/es\/politica-de-cookies\/\" \/>\n<meta property=\"og:locale\" content=\"es_ES\" \/>\n<meta property=\"og:type\" content=\"article\" \/>\n<meta property=\"og:title\" content=\"Pol\u00edticas de cookies - Tra\u00e7a\" \/>\n<meta property=\"og:description\" content=\"\u00bfQu\u00e9 son las cookies? Una cookie es un fichero que se descarga en su ordenador al acceder a determinadas p\u00e1ginas web. Las cookies permiten a una p\u00e1gina web, entre otras cosas, almacenar y recuperar informaci\u00f3n sobre h\u00e1bitos de navegaci\u00f3n de un usuario o de su equipo y, dependiendo de la informaci\u00f3n que contengan y de&hellip; Continuar leyendo Pol\u00edticas de cookies\" \/>\n<meta property=\"og:url\" content=\"https:\/\/www.traca.cat\/es\/politica-de-cookies\/\" \/>\n<meta property=\"og:site_name\" content=\"Tra\u00e7a\" \/>\n<meta property=\"article:modified_time\" content=\"2022-03-09T12:42:06+00:00\" \/>\n<meta name=\"twitter:card\" content=\"summary_large_image\" \/>\n<meta name=\"twitter:label1\" content=\"Tiempo de lectura\" \/>\n\t<meta name=\"twitter:data1\" content=\"2 minutos\" \/>\n<script type=\"application\/ld+json\" class=\"yoast-schema-graph\">{\"@context\":\"https:\/\/schema.org\",\"@graph\":[{\"@type\":\"WebSite\",\"@id\":\"https:\/\/www.traca.cat\/#website\",\"url\":\"https:\/\/www.traca.cat\/\",\"name\":\"Tra\u00e7a\",\"description\":\"Otro sitio realizado con WordPress\",\"potentialAction\":[{\"@type\":\"SearchAction\",\"target\":{\"@type\":\"EntryPoint\",\"urlTemplate\":\"https:\/\/www.traca.cat\/?s={search_term_string}\"},\"query-input\":\"required name=search_term_string\"}],\"inLanguage\":\"es\"},{\"@type\":\"WebPage\",\"@id\":\"https:\/\/www.traca.cat\/es\/politica-de-cookies\/#webpage\",\"url\":\"https:\/\/www.traca.cat\/es\/politica-de-cookies\/\",\"name\":\"Pol\u00edticas de cookies - Tra\u00e7a\",\"isPartOf\":{\"@id\":\"https:\/\/www.traca.cat\/#website\"},\"datePublished\":\"2022-02-10T10:51:36+00:00\",\"dateModified\":\"2022-03-09T12:42:06+00:00\",\"breadcrumb\":{\"@id\":\"https:\/\/www.traca.cat\/es\/politica-de-cookies\/#breadcrumb\"},\"inLanguage\":\"es\",\"potentialAction\":[{\"@type\":\"ReadAction\",\"target\":[\"https:\/\/www.traca.cat\/es\/politica-de-cookies\/\"]}]},{\"@type\":\"BreadcrumbList\",\"@id\":\"https:\/\/www.traca.cat\/es\/politica-de-cookies\/#breadcrumb\",\"itemListElement\":[{\"@type\":\"ListItem\",\"position\":1,\"name\":\"Home\",\"item\":\"https:\/\/www.traca.cat\/es\/\"},{\"@type\":\"ListItem\",\"position\":2,\"name\":\"Pol\u00edticas de cookies\"}]}]}<\/script>\n<!-- \/ Yoast SEO plugin. -->","yoast_head_json":{"title":"Pol\u00edticas de cookies - Tra\u00e7a","robots":{"index":"index","follow":"follow","max-snippet":"max-snippet:-1","max-image-preview":"max-image-preview:large","max-video-preview":"max-video-preview:-1"},"canonical":"https:\/\/www.traca.cat\/es\/politica-de-cookies\/","og_locale":"es_ES","og_type":"article","og_title":"Pol\u00edticas de cookies - Tra\u00e7a","og_description":"\u00bfQu\u00e9 son las cookies? Una cookie es un fichero que se descarga en su ordenador al acceder a determinadas p\u00e1ginas web. Las cookies permiten a una p\u00e1gina web, entre otras cosas, almacenar y recuperar informaci\u00f3n sobre h\u00e1bitos de navegaci\u00f3n de un usuario o de su equipo y, dependiendo de la informaci\u00f3n que contengan y de&hellip; Continuar leyendo Pol\u00edticas de cookies","og_url":"https:\/\/www.traca.cat\/es\/politica-de-cookies\/","og_site_name":"Tra\u00e7a","article_modified_time":"2022-03-09T12:42:06+00:00","twitter_card":"summary_large_image","twitter_misc":{"Tiempo de lectura":"2 minutos"},"schema":{"@context":"https:\/\/schema.org","@graph":[{"@type":"WebSite","@id":"https:\/\/www.traca.cat\/#website","url":"https:\/\/www.traca.cat\/","name":"Tra\u00e7a","description":"Otro sitio realizado con WordPress","potentialAction":[{"@type":"SearchAction","target":{"@type":"EntryPoint","urlTemplate":"https:\/\/www.traca.cat\/?s={search_term_string}"},"query-input":"required name=search_term_string"}],"inLanguage":"es"},{"@type":"WebPage","@id":"https:\/\/www.traca.cat\/es\/politica-de-cookies\/#webpage","url":"https:\/\/www.traca.cat\/es\/politica-de-cookies\/","name":"Pol\u00edticas de cookies - Tra\u00e7a","isPartOf":{"@id":"https:\/\/www.traca.cat\/#website"},"datePublished":"2022-02-10T10:51:36+00:00","dateModified":"2022-03-09T12:42:06+00:00","breadcrumb":{"@id":"https:\/\/www.traca.cat\/es\/politica-de-cookies\/#breadcrumb"},"inLanguage":"es","potentialAction":[{"@type":"ReadAction","target":["https:\/\/www.traca.cat\/es\/politica-de-cookies\/"]}]},{"@type":"BreadcrumbList","@id":"https:\/\/www.traca.cat\/es\/politica-de-cookies\/#breadcrumb","itemListElement":[{"@type":"ListItem","position":1,"name":"Home","item":"https:\/\/www.traca.cat\/es\/"},{"@type":"ListItem","position":2,"name":"Pol\u00edticas de cookies"}]}]}},"_links":{"self":[{"href":"https:\/\/www.traca.cat\/es\/wp-json\/wp\/v2\/pages\/99"}],"collection":[{"href":"https:\/\/www.traca.cat\/es\/wp-json\/wp\/v2\/pages"}],"about":[{"href":"https:\/\/www.traca.cat\/es\/wp-json\/wp\/v2\/types\/page"}],"author":[{"embeddable":true,"href":"https:\/\/www.traca.cat\/es\/wp-json\/wp\/v2\/users\/1"}],"replies":[{"embeddable":true,"href":"https:\/\/www.traca.cat\/es\/wp-json\/wp\/v2\/comments?post=99"}],"version-history":[{"count":2,"href":"https:\/\/www.traca.cat\/es\/wp-json\/wp\/v2\/pages\/99\/revisions"}],"predecessor-version":[{"id":226,"href":"https:\/\/www.traca.cat\/es\/wp-json\/wp\/v2\/pages\/99\/revisions\/226"}],"wp:attachment":[{"href":"https:\/\/www.traca.cat\/es\/wp-json\/wp\/v2\/media?parent=99"}],"curies":[{"name":"wp","href":"https:\/\/api.w.org\/{rel}","templated":true}]}}